{"id":7386,"date":"2024-04-02T14:58:22","date_gmt":"2024-04-02T12:58:22","guid":{"rendered":"https:\/\/www-dugeleg.wp1.hcweb.dev\/?page_id=7386"},"modified":"2025-08-05T13:06:07","modified_gmt":"2025-08-05T11:06:07","slug":"kontakt","status":"publish","type":"page","link":"https:\/\/www.dugeleg.no\/en\/kontakt\/","title":{"rendered":"Contact us"},"content":{"rendered":"\n<h1  data-animation-delay=\"0\" data-animation-duration=\"1\">\n\t\t\t\t<\/h1>\n\t<p>\u00c5 jobbe tett med kunden for \u00e5 sikre h\u00f8yest mulig <strong>kvalitet, brukervennlighet, funksjonalitet<\/strong> og <strong>minst mulig milj\u00f8avtrykk<\/strong> er v\u00e5r h\u00f8yeste prioritet.<\/p>\n\t\n<h2>Generelle henvendelser<\/h2>\n<a href=\"tel:92833643\">+47 928 33 643<\/a><br \/>\n<a href=\"mailto:post@dugeleg.no\">post@dugeleg.no<\/a>\n<h2>Adresse<\/h2>\nForusbeen 210<br \/>\n4313 Sandnes<br \/>\nNorge\n\t\t\t<a href=\"#ansatte\" target=\"_self\">\n\t\t\t\t\t\t\tLes mer om v\u00e5re ansatte og v\u00e5r kompetanse\n\t\t\t\t\t<\/a>\n<h2>\n\t\t\tHva kan vi hjelpe deg med?\t<\/h2>\n    <style id=\"wpforms-css-vars-7536\">\n\t\t\t\t#wpforms-7536 {\n\t\t\t}\n\t\t\t<\/style><form id=\"wpforms-form-7536\" data-formid=\"7536\" method=\"post\" enctype=\"multipart\/form-data\" action=\"\/?page_id=7386&#038;fl_builder\" data-token=\"9d4ef68850120a6410b18ab1f0986bf5\" data-token-time=\"1754391967\">Please enable JavaScript in your browser to complete this form.Please enable JavaScript in your browser to complete this form.<label for=\"wpforms-7536-field_3\">Navn *<\/label><input type=\"text\" id=\"wpforms-7536-field_3\" name=\"wpforms[fields][3]\" placeholder=\"Ditt navn\" aria-errormessage=\"wpforms-7536-field_3-error\" required\/><label for=\"wpforms-7536-field_1\">E-post *<\/label><input type=\"email\" id=\"wpforms-7536-field_1\" name=\"wpforms[fields][1]\" placeholder=\"Din e-postadresse\" spellcheck=\"false\" aria-errormessage=\"wpforms-7536-field_1-error\" required\/><label for=\"wpforms-7536-field_4\">Telefon *<\/label><input type=\"tel\" id=\"wpforms-7536-field_4\" data-rule-int-phone-field=\"true\" name=\"wpforms[fields][4]\" placeholder=\"Ditt telefonnummer\" aria-label=\"Telefon\" aria-errormessage=\"wpforms-7536-field_4-error\" required\/><label for=\"wpforms-7536-field_2\">Melding<\/label><textarea id=\"wpforms-7536-field_2\" name=\"wpforms[fields][2]\" placeholder=\"Skriv inn din melding\" aria-errormessage=\"wpforms-7536-field_2-error\"><\/textarea><!-- .wpforms-field-container --><input type=\"hidden\" name=\"wpforms[recaptcha]\" value=\"\"\/><input type=\"hidden\" name=\"wpforms[id]\" value=\"7536\"\/>\t\t\t<input type=\"hidden\"\n\t\t\t\tname=\"wpforms[nonce]\"\n\t\t\t\tvalue=\"1de79146e4\"\n\t\t\t\/>\n\t\t\t<input type=\"hidden\" name=\"page_title\" value=\"Kontakt\"\/><input type=\"hidden\" name=\"page_url\" value=\"https:\/\/www.dugeleg.no\/?page_id=7386&#038;fl_builder\"\/><input type=\"hidden\" name=\"url_referer\" value=\"\"\/><input type=\"hidden\" name=\"page_id\" value=\"7386\"\/><input type=\"hidden\" name=\"wpforms[post_id]\" value=\"7386\"\/><button type=\"submit\" name=\"wpforms[submit]\" id=\"wpforms-submit-7536\" data-alt-text=\"Sender...\" data-submit-text=\"Send foresp\u00f8rsel\" aria-live=\"assertive\" value=\"wpforms-submit\">Send foresp\u00f8rsel<\/button><img decoding=\"async\" src=\"https:\/\/www.dugeleg.no\/wp-content\/plugins\/wpforms\/assets\/images\/submit-spin.svg\" width=\"26\" height=\"26\" alt=\"Loading\"\/><\/form>  <!-- .wpforms-container -->\n<h2>\n\t\t\tV\u00e5re ansatte\t<\/h2>\n\t\t\t\t<img decoding=\"async\" src=\"https:\/\/www.dugeleg.no\/wp-content\/uploads\/2024\/05\/Tom-Lyngdal.jpg\" alt=\"Tom Lyngdal\" itemprop=\"image\" height=\"911\" width=\"706\" title=\"Tom Lyngdal\" onerror=\"this.style.display='none'\" loading=\"lazy\" \/>\n\t\t<h2>\n\t\t\tTom Lyngdal\n\t\t<\/h2>\n\t\t\t<p>CEO<a href=\"tel:92833643\">928 33\u00a0643<\/a><\/p>\t\t\n\t<ul>\n\t\t\t<li>\n\t\t\t\tMer enn 25 \u00e5r med utvikling av nye forretnings\/utstyrs konsepter, patenter, senior prosjekt leder\n\t\t\t<\/li>\n\t\t\t<li>\n\t\t\t\tV\u00e6rt involvert i flere st\u00f8rre og mindre utbygging, modifikasjons og senfase prosjekter p\u00e5 NKS og i utlandet\n\t\t\t<\/li>\n\t\t\t<li>\n\t\t\t\tEtablert og bygget opp nye forretningskonsepter, divisjoner og selskap\n\t\t\t<\/li>\n\t\t\t<li>\n\t\t\t\tGod til \u00e5 sette sammen og v\u00e6re en del team som leverer\n\t\t\t<\/li>\n\t\t\t<li>\n\t\t\t\tH\u00f8y faglig kompetanse\n\t\t\t<\/li>\n\t\t<\/ul>\n\t\t\t\t<img decoding=\"async\" src=\"https:\/\/www.dugeleg.no\/wp-content\/uploads\/2024\/05\/erik-fossmark.jpg\" alt=\"erik-fossmark\" itemprop=\"image\" height=\"456\" width=\"354\" title=\"erik-fossmark\" onerror=\"this.style.display='none'\" loading=\"lazy\" \/>\n\t\t<h2>\n\t\t\tErik Fosmark\n\t\t<\/h2>\n\t\t\t<p>Senior Project Manager<a href=\"tel:47926650\">479 26\u00a0650<\/a><\/p>\t\t\n\t<ul>\n\t\t\t<li>\n\t\t\t\tNesten 40 \u00e5rs erfaring i elektro \/automasjonsfaget\n\t\t\t<\/li>\n\t\t\t<li>\n\t\t\t\tMer enn 25 \u00e5rs erfaring med utvikling\/sammenstilling av Ex-tredjepart utstyr\n\t\t\t<\/li>\n\t\t\t<li>\n\t\t\t\tBred erfaring som prosjektingeni\u00f8r og prosjektleder\n\t\t\t<\/li>\n\t\t\t<li>\n\t\t\t\tH\u00f8y faglig kompetanse\n\t\t\t<\/li>\n\t\t<\/ul>\n\t\t\t\t<img decoding=\"async\" src=\"https:\/\/www.dugeleg.no\/wp-content\/uploads\/2024\/05\/Anbjorn-Kaurstad.jpg\" alt=\"Anbj\u00f8rn Kaurstad\" itemprop=\"image\" height=\"456\" width=\"354\" title=\"Anbj\u00f8rn Kaurstad\" onerror=\"this.style.display='none'\" loading=\"lazy\" \/>\n\t\t<h2>\n\t\t\tAnbj\u00f8rn Kaurstad\n\t\t<\/h2>\n\t\t\t<p>Technical Manager<a href=\"tel:91639505\">916 39\u00a0505<\/a><\/p>\t\t\n\t<ul>\n\t\t\t<li>\n\t\t\t\t25 \u00e5rs erfaring i automasjon\/ elektrofaget\n\t\t\t<\/li>\n\t\t\t<li>\n\t\t\t\t15 \u00e5r som godkjent teknisk ansvarlig person mot Presafe DNV-GL\n\t\t\t<\/li>\n\t\t\t<li>\n\t\t\t\tBred erfaring med utstyrssertifisering og samarbeid med forskjellige godkjenningsorganer\n\t\t\t<\/li>\n\t\t\t<li>\n\t\t\t\tOver 15 \u00e5rs erfaring som prosjektingeni\u00f8r og prosjektleder\n\t\t\t<\/li>\n\t\t\t<li>\n\t\t\t\tH\u00f8y faglig kompetanse\n\t\t\t<\/li>\n\t\t<\/ul>\n\n","protected":false},"excerpt":{"rendered":"<p>Working closely with the customer to ensure the highest possible quality, usability, functionality and the smallest possible environmental footprint is our highest priority. General enquiries +47 928 33 643 post@dugeleg.no Address Forusbeen 210 4313 Sandnes Norway Read more about our employees and our expertise What can we help you with? Please enable JavaScript in your browser to...<\/p>","protected":false},"author":1,"featured_media":0,"parent":0,"menu_order":0,"comment_status":"closed","ping_status":"closed","template":"","meta":{"_acf_changed":false,"footnotes":""},"class_list":["post-7386","page","type-page","status-publish","hentry"],"acf":[],"yoast_head":"<!-- This site is optimized with the Yoast SEO plugin v27.6 - https:\/\/yoast.com\/product\/yoast-seo-wordpress\/ -->\n<title>Kontakt - Dugeleg<\/title>\n<meta name=\"robots\" content=\"index, follow, max-snippet:-1, max-image-preview:large, max-video-preview:-1\" \/>\n<link rel=\"canonical\" href=\"https:\/\/www.dugeleg.no\/en\/kontakt\/\" \/>\n<meta property=\"og:locale\" content=\"en_GB\" \/>\n<meta property=\"og:type\" content=\"article\" \/>\n<meta property=\"og:title\" content=\"Kontakt - Dugeleg\" \/>\n<meta property=\"og:description\" content=\"\u00c5 jobbe tett med kunden for \u00e5 sikre h\u00f8yest mulig kvalitet, brukervennlighet, funksjonalitet og minst mulig milj\u00f8avtrykk er v\u00e5r h\u00f8yeste prioritet. Generelle henvendelser +47 928 33 643 post@dugeleg.no Adresse Forusbeen 210 4313 Sandnes Norge Les mer om v\u00e5re ansatte og v\u00e5r kompetanse Hva kan vi hjelpe deg med? Please enable JavaScript in your browser to&hellip;\" \/>\n<meta property=\"og:url\" content=\"https:\/\/www.dugeleg.no\/en\/kontakt\/\" \/>\n<meta property=\"og:site_name\" content=\"Dugeleg\" \/>\n<meta property=\"article:modified_time\" content=\"2025-08-05T11:06:07+00:00\" \/>\n<meta property=\"og:image\" content=\"https:\/\/www.dugeleg.no\/wp-content\/plugins\/wpforms\/assets\/images\/submit-spin.svg\" \/>\n<meta name=\"twitter:card\" content=\"summary_large_image\" \/>\n<script type=\"application\/ld+json\" class=\"yoast-schema-graph\">{\"@context\":\"https:\\\/\\\/schema.org\",\"@graph\":[{\"@type\":\"WebPage\",\"@id\":\"https:\\\/\\\/www.dugeleg.no\\\/kontakt\\\/\",\"url\":\"https:\\\/\\\/www.dugeleg.no\\\/kontakt\\\/\",\"name\":\"Kontakt - Dugeleg\",\"isPartOf\":{\"@id\":\"https:\\\/\\\/www.dugeleg.no\\\/#website\"},\"primaryImageOfPage\":{\"@id\":\"https:\\\/\\\/www.dugeleg.no\\\/kontakt\\\/#primaryimage\"},\"image\":{\"@id\":\"https:\\\/\\\/www.dugeleg.no\\\/kontakt\\\/#primaryimage\"},\"thumbnailUrl\":\"https:\\\/\\\/www.dugeleg.no\\\/wp-content\\\/plugins\\\/wpforms\\\/assets\\\/images\\\/submit-spin.svg\",\"datePublished\":\"2024-04-02T12:58:22+00:00\",\"dateModified\":\"2025-08-05T11:06:07+00:00\",\"breadcrumb\":{\"@id\":\"https:\\\/\\\/www.dugeleg.no\\\/kontakt\\\/#breadcrumb\"},\"inLanguage\":\"en-GB\",\"potentialAction\":[{\"@type\":\"ReadAction\",\"target\":[\"https:\\\/\\\/www.dugeleg.no\\\/kontakt\\\/\"]}]},{\"@type\":\"ImageObject\",\"inLanguage\":\"en-GB\",\"@id\":\"https:\\\/\\\/www.dugeleg.no\\\/kontakt\\\/#primaryimage\",\"url\":\"https:\\\/\\\/www.dugeleg.no\\\/wp-content\\\/plugins\\\/wpforms\\\/assets\\\/images\\\/submit-spin.svg\",\"contentUrl\":\"https:\\\/\\\/www.dugeleg.no\\\/wp-content\\\/plugins\\\/wpforms\\\/assets\\\/images\\\/submit-spin.svg\"},{\"@type\":\"BreadcrumbList\",\"@id\":\"https:\\\/\\\/www.dugeleg.no\\\/kontakt\\\/#breadcrumb\",\"itemListElement\":[{\"@type\":\"ListItem\",\"position\":1,\"name\":\"Hjem\",\"item\":\"https:\\\/\\\/www.dugeleg.no\\\/\"},{\"@type\":\"ListItem\",\"position\":2,\"name\":\"Kontakt\"}]},{\"@type\":\"WebSite\",\"@id\":\"https:\\\/\\\/www.dugeleg.no\\\/#website\",\"url\":\"https:\\\/\\\/www.dugeleg.no\\\/\",\"name\":\"Dugeleg\",\"description\":\"\",\"potentialAction\":[{\"@type\":\"SearchAction\",\"target\":{\"@type\":\"EntryPoint\",\"urlTemplate\":\"https:\\\/\\\/www.dugeleg.no\\\/?s={search_term_string}\"},\"query-input\":{\"@type\":\"PropertyValueSpecification\",\"valueRequired\":true,\"valueName\":\"search_term_string\"}}],\"inLanguage\":\"en-GB\"}]}<\/script>\n<!-- \/ Yoast SEO plugin. -->","yoast_head_json":{"title":"Contact - Dugeleg","robots":{"index":"index","follow":"follow","max-snippet":"max-snippet:-1","max-image-preview":"max-image-preview:large","max-video-preview":"max-video-preview:-1"},"canonical":"https:\/\/www.dugeleg.no\/en\/kontakt\/","og_locale":"en_GB","og_type":"article","og_title":"Kontakt - Dugeleg","og_description":"\u00c5 jobbe tett med kunden for \u00e5 sikre h\u00f8yest mulig kvalitet, brukervennlighet, funksjonalitet og minst mulig milj\u00f8avtrykk er v\u00e5r h\u00f8yeste prioritet. Generelle henvendelser +47 928 33 643 post@dugeleg.no Adresse Forusbeen 210 4313 Sandnes Norge Les mer om v\u00e5re ansatte og v\u00e5r kompetanse Hva kan vi hjelpe deg med? Please enable JavaScript in your browser to&hellip;","og_url":"https:\/\/www.dugeleg.no\/en\/kontakt\/","og_site_name":"Dugeleg","article_modified_time":"2025-08-05T11:06:07+00:00","og_image":[{"url":"https:\/\/www.dugeleg.no\/wp-content\/plugins\/wpforms\/assets\/images\/submit-spin.svg","type":"","width":"","height":""}],"twitter_card":"summary_large_image","schema":{"@context":"https:\/\/schema.org","@graph":[{"@type":"WebPage","@id":"https:\/\/www.dugeleg.no\/kontakt\/","url":"https:\/\/www.dugeleg.no\/kontakt\/","name":"Contact - Dugeleg","isPartOf":{"@id":"https:\/\/www.dugeleg.no\/#website"},"primaryImageOfPage":{"@id":"https:\/\/www.dugeleg.no\/kontakt\/#primaryimage"},"image":{"@id":"https:\/\/www.dugeleg.no\/kontakt\/#primaryimage"},"thumbnailUrl":"https:\/\/www.dugeleg.no\/wp-content\/plugins\/wpforms\/assets\/images\/submit-spin.svg","datePublished":"2024-04-02T12:58:22+00:00","dateModified":"2025-08-05T11:06:07+00:00","breadcrumb":{"@id":"https:\/\/www.dugeleg.no\/kontakt\/#breadcrumb"},"inLanguage":"en-GB","potentialAction":[{"@type":"ReadAction","target":["https:\/\/www.dugeleg.no\/kontakt\/"]}]},{"@type":"ImageObject","inLanguage":"en-GB","@id":"https:\/\/www.dugeleg.no\/kontakt\/#primaryimage","url":"https:\/\/www.dugeleg.no\/wp-content\/plugins\/wpforms\/assets\/images\/submit-spin.svg","contentUrl":"https:\/\/www.dugeleg.no\/wp-content\/plugins\/wpforms\/assets\/images\/submit-spin.svg"},{"@type":"BreadcrumbList","@id":"https:\/\/www.dugeleg.no\/kontakt\/#breadcrumb","itemListElement":[{"@type":"ListItem","position":1,"name":"Hjem","item":"https:\/\/www.dugeleg.no\/"},{"@type":"ListItem","position":2,"name":"Kontakt"}]},{"@type":"WebSite","@id":"https:\/\/www.dugeleg.no\/#website","url":"https:\/\/www.dugeleg.no\/","name":"Dugout","description":"","potentialAction":[{"@type":"SearchAction","target":{"@type":"EntryPoint","urlTemplate":"https:\/\/www.dugeleg.no\/?s={search_term_string}"},"query-input":{"@type":"PropertyValueSpecification","valueRequired":true,"valueName":"search_term_string"}}],"inLanguage":"en-GB"}]}},"_links":{"self":[{"href":"https:\/\/www.dugeleg.no\/en\/wp-json\/wp\/v2\/pages\/7386","targetHints":{"allow":["GET"]}}],"collection":[{"href":"https:\/\/www.dugeleg.no\/en\/wp-json\/wp\/v2\/pages"}],"about":[{"href":"https:\/\/www.dugeleg.no\/en\/wp-json\/wp\/v2\/types\/page"}],"author":[{"embeddable":true,"href":"https:\/\/www.dugeleg.no\/en\/wp-json\/wp\/v2\/users\/1"}],"replies":[{"embeddable":true,"href":"https:\/\/www.dugeleg.no\/en\/wp-json\/wp\/v2\/comments?post=7386"}],"version-history":[{"count":26,"href":"https:\/\/www.dugeleg.no\/en\/wp-json\/wp\/v2\/pages\/7386\/revisions"}],"predecessor-version":[{"id":7993,"href":"https:\/\/www.dugeleg.no\/en\/wp-json\/wp\/v2\/pages\/7386\/revisions\/7993"}],"wp:attachment":[{"href":"https:\/\/www.dugeleg.no\/en\/wp-json\/wp\/v2\/media?parent=7386"}],"curies":[{"name":"wp","href":"https:\/\/api.w.org\/{rel}","templated":true}]}}