{"id":7384,"date":"2024-04-02T14:58:14","date_gmt":"2024-04-02T12:58:14","guid":{"rendered":"https:\/\/www-dugeleg.wp1.hcweb.dev\/?page_id=7384"},"modified":"2024-10-30T11:39:35","modified_gmt":"2024-10-30T10:39:35","slug":"om-oss","status":"publish","type":"page","link":"https:\/\/www.dugeleg.no\/en\/om-oss\/","title":{"rendered":"About us"},"content":{"rendered":"<img decoding=\"async\" src=\"https:\/\/www.dugeleg.no\/wp-content\/uploads\/2024\/05\/Group-144-1.jpg\" alt=\"Group 144\" itemprop=\"image\" height=\"659\" width=\"874\" title=\"Group 144\" onerror=\"this.style.display='none'\"  \/>\n\t<p>We deliver specialised<strong> electrical and multi-discipline solutions<\/strong> for onshore and offshore industries, with a focus on safety and quality.<\/p>\n<p>Our services cover everything from automation and monitoring to fire and gas detection, and include equipment for hazardous areas. With extensive experience, our engineering team offers customised electrical, automation and software development solutions that meet current and future requirements.<\/p>\n\t\t\t<a href=\"https:\/\/www.dugeleg.no\/en\/kontakt\/#ansatte\" target=\"_self\" rel=\"noopener\">\n\t\t\t\t\t\t\tRead more about our employees and expertise\n\t\t\t\t\t<\/a>\n\t<p>We prioritise close collaboration with our customers to ensure usability, functionality and the smallest possible environmental footprint. Our services include project management, documentation, training and 24\/7 technical support in ongoing projects.<\/p>\n<p>We also offer project support in electrical and automation, as well as follow-up of regulatory requirements and certifications. The customer is at the centre of everything we do, with the aim of delivering reliable and value-creating quality.<\/p>\n\t\t\t<a href=\"https:\/\/www.dugeleg.no\/en\/kontakt\/\" target=\"_self\" rel=\"noopener\">\n\t\t\t\t\t\t\tContact us\n\t\t\t\t\t<\/a>\n\t\t\t\t<img decoding=\"async\" src=\"https:\/\/www.dugeleg.no\/wp-content\/uploads\/2024\/05\/Group-145-1.jpg\" alt=\"Group 145\" itemprop=\"image\" height=\"840\" width=\"1144\" title=\"Group 145\" onerror=\"this.style.display='none'\"  \/>","protected":false},"excerpt":{"rendered":"<p>We provide specialised electrical and multi-discipline solutions for onshore and offshore industries, with a focus on safety and quality. Our services cover everything from automation and monitoring to fire and gas detection, and include equipment for hazardous areas. With extensive experience, our engineering team offers customised electrical, automation and software development solutions that meet current and future requirements....<\/p>","protected":false},"author":1,"featured_media":0,"parent":0,"menu_order":0,"comment_status":"closed","ping_status":"closed","template":"","meta":{"_acf_changed":false,"footnotes":""},"class_list":["post-7384","page","type-page","status-publish","hentry"],"acf":[],"yoast_head":"<!-- This site is optimized with the Yoast SEO plugin v27.6 - https:\/\/yoast.com\/product\/yoast-seo-wordpress\/ -->\n<title>Om oss - Dugeleg<\/title>\n<meta name=\"robots\" content=\"index, follow, max-snippet:-1, max-image-preview:large, max-video-preview:-1\" \/>\n<link rel=\"canonical\" href=\"https:\/\/www.dugeleg.no\/en\/om-oss\/\" \/>\n<meta property=\"og:locale\" content=\"en_GB\" \/>\n<meta property=\"og:type\" content=\"article\" \/>\n<meta property=\"og:title\" content=\"Om oss - Dugeleg\" \/>\n<meta property=\"og:description\" content=\"Vi leverer spesialiserte elektriske og multidisipline l\u00f8sninger for land- og offshorebaserte n\u00e6ringer, med fokus p\u00e5 sikkerhet og kvalitet. V\u00e5re tjenester dekker alt fra automasjon og overv\u00e5king til brann- og gassdeteksjon, og inkluderer utstyr for eksplosjonsfarlige omr\u00e5der. Med lang erfaring tilbyr v\u00e5rt ingeni\u00f8rteam skreddersydde l\u00f8sninger innen elektro, automasjon og programvareutvikling som oppfyller dagens og fremtidige krav.&hellip;\" \/>\n<meta property=\"og:url\" content=\"https:\/\/www.dugeleg.no\/en\/om-oss\/\" \/>\n<meta property=\"og:site_name\" content=\"Dugeleg\" \/>\n<meta property=\"article:modified_time\" content=\"2024-10-30T10:39:35+00:00\" \/>\n<meta property=\"og:image\" content=\"https:\/\/www.dugeleg.no\/wp-content\/uploads\/2024\/05\/Group-144-1.jpg\" \/>\n<meta name=\"twitter:card\" content=\"summary_large_image\" \/>\n<script type=\"application\/ld+json\" class=\"yoast-schema-graph\">{\"@context\":\"https:\\\/\\\/schema.org\",\"@graph\":[{\"@type\":\"WebPage\",\"@id\":\"https:\\\/\\\/www.dugeleg.no\\\/om-oss\\\/\",\"url\":\"https:\\\/\\\/www.dugeleg.no\\\/om-oss\\\/\",\"name\":\"Om oss - Dugeleg\",\"isPartOf\":{\"@id\":\"https:\\\/\\\/www.dugeleg.no\\\/#website\"},\"primaryImageOfPage\":{\"@id\":\"https:\\\/\\\/www.dugeleg.no\\\/om-oss\\\/#primaryimage\"},\"image\":{\"@id\":\"https:\\\/\\\/www.dugeleg.no\\\/om-oss\\\/#primaryimage\"},\"thumbnailUrl\":\"https:\\\/\\\/www.dugeleg.no\\\/wp-content\\\/uploads\\\/2024\\\/05\\\/Group-144-1.jpg\",\"datePublished\":\"2024-04-02T12:58:14+00:00\",\"dateModified\":\"2024-10-30T10:39:35+00:00\",\"breadcrumb\":{\"@id\":\"https:\\\/\\\/www.dugeleg.no\\\/om-oss\\\/#breadcrumb\"},\"inLanguage\":\"en-GB\",\"potentialAction\":[{\"@type\":\"ReadAction\",\"target\":[\"https:\\\/\\\/www.dugeleg.no\\\/om-oss\\\/\"]}]},{\"@type\":\"ImageObject\",\"inLanguage\":\"en-GB\",\"@id\":\"https:\\\/\\\/www.dugeleg.no\\\/om-oss\\\/#primaryimage\",\"url\":\"https:\\\/\\\/www.dugeleg.no\\\/wp-content\\\/uploads\\\/2024\\\/05\\\/Group-144-1.jpg\",\"contentUrl\":\"https:\\\/\\\/www.dugeleg.no\\\/wp-content\\\/uploads\\\/2024\\\/05\\\/Group-144-1.jpg\"},{\"@type\":\"BreadcrumbList\",\"@id\":\"https:\\\/\\\/www.dugeleg.no\\\/om-oss\\\/#breadcrumb\",\"itemListElement\":[{\"@type\":\"ListItem\",\"position\":1,\"name\":\"Hjem\",\"item\":\"https:\\\/\\\/www.dugeleg.no\\\/\"},{\"@type\":\"ListItem\",\"position\":2,\"name\":\"Om oss\"}]},{\"@type\":\"WebSite\",\"@id\":\"https:\\\/\\\/www.dugeleg.no\\\/#website\",\"url\":\"https:\\\/\\\/www.dugeleg.no\\\/\",\"name\":\"Dugeleg\",\"description\":\"\",\"potentialAction\":[{\"@type\":\"SearchAction\",\"target\":{\"@type\":\"EntryPoint\",\"urlTemplate\":\"https:\\\/\\\/www.dugeleg.no\\\/?s={search_term_string}\"},\"query-input\":{\"@type\":\"PropertyValueSpecification\",\"valueRequired\":true,\"valueName\":\"search_term_string\"}}],\"inLanguage\":\"en-GB\"}]}<\/script>\n<!-- \/ Yoast SEO plugin. -->","yoast_head_json":{"title":"About us - Dugeleg","robots":{"index":"index","follow":"follow","max-snippet":"max-snippet:-1","max-image-preview":"max-image-preview:large","max-video-preview":"max-video-preview:-1"},"canonical":"https:\/\/www.dugeleg.no\/en\/om-oss\/","og_locale":"en_GB","og_type":"article","og_title":"Om oss - Dugeleg","og_description":"Vi leverer spesialiserte elektriske og multidisipline l\u00f8sninger for land- og offshorebaserte n\u00e6ringer, med fokus p\u00e5 sikkerhet og kvalitet. V\u00e5re tjenester dekker alt fra automasjon og overv\u00e5king til brann- og gassdeteksjon, og inkluderer utstyr for eksplosjonsfarlige omr\u00e5der. Med lang erfaring tilbyr v\u00e5rt ingeni\u00f8rteam skreddersydde l\u00f8sninger innen elektro, automasjon og programvareutvikling som oppfyller dagens og fremtidige krav.&hellip;","og_url":"https:\/\/www.dugeleg.no\/en\/om-oss\/","og_site_name":"Dugeleg","article_modified_time":"2024-10-30T10:39:35+00:00","og_image":[{"url":"https:\/\/www.dugeleg.no\/wp-content\/uploads\/2024\/05\/Group-144-1.jpg","type":"","width":"","height":""}],"twitter_card":"summary_large_image","schema":{"@context":"https:\/\/schema.org","@graph":[{"@type":"WebPage","@id":"https:\/\/www.dugeleg.no\/om-oss\/","url":"https:\/\/www.dugeleg.no\/om-oss\/","name":"About us - Dugeleg","isPartOf":{"@id":"https:\/\/www.dugeleg.no\/#website"},"primaryImageOfPage":{"@id":"https:\/\/www.dugeleg.no\/om-oss\/#primaryimage"},"image":{"@id":"https:\/\/www.dugeleg.no\/om-oss\/#primaryimage"},"thumbnailUrl":"https:\/\/www.dugeleg.no\/wp-content\/uploads\/2024\/05\/Group-144-1.jpg","datePublished":"2024-04-02T12:58:14+00:00","dateModified":"2024-10-30T10:39:35+00:00","breadcrumb":{"@id":"https:\/\/www.dugeleg.no\/om-oss\/#breadcrumb"},"inLanguage":"en-GB","potentialAction":[{"@type":"ReadAction","target":["https:\/\/www.dugeleg.no\/om-oss\/"]}]},{"@type":"ImageObject","inLanguage":"en-GB","@id":"https:\/\/www.dugeleg.no\/om-oss\/#primaryimage","url":"https:\/\/www.dugeleg.no\/wp-content\/uploads\/2024\/05\/Group-144-1.jpg","contentUrl":"https:\/\/www.dugeleg.no\/wp-content\/uploads\/2024\/05\/Group-144-1.jpg"},{"@type":"BreadcrumbList","@id":"https:\/\/www.dugeleg.no\/om-oss\/#breadcrumb","itemListElement":[{"@type":"ListItem","position":1,"name":"Hjem","item":"https:\/\/www.dugeleg.no\/"},{"@type":"ListItem","position":2,"name":"Om oss"}]},{"@type":"WebSite","@id":"https:\/\/www.dugeleg.no\/#website","url":"https:\/\/www.dugeleg.no\/","name":"Dugout","description":"","potentialAction":[{"@type":"SearchAction","target":{"@type":"EntryPoint","urlTemplate":"https:\/\/www.dugeleg.no\/?s={search_term_string}"},"query-input":{"@type":"PropertyValueSpecification","valueRequired":true,"valueName":"search_term_string"}}],"inLanguage":"en-GB"}]}},"_links":{"self":[{"href":"https:\/\/www.dugeleg.no\/en\/wp-json\/wp\/v2\/pages\/7384","targetHints":{"allow":["GET"]}}],"collection":[{"href":"https:\/\/www.dugeleg.no\/en\/wp-json\/wp\/v2\/pages"}],"about":[{"href":"https:\/\/www.dugeleg.no\/en\/wp-json\/wp\/v2\/types\/page"}],"author":[{"embeddable":true,"href":"https:\/\/www.dugeleg.no\/en\/wp-json\/wp\/v2\/users\/1"}],"replies":[{"embeddable":true,"href":"https:\/\/www.dugeleg.no\/en\/wp-json\/wp\/v2\/comments?post=7384"}],"version-history":[{"count":12,"href":"https:\/\/www.dugeleg.no\/en\/wp-json\/wp\/v2\/pages\/7384\/revisions"}],"predecessor-version":[{"id":7829,"href":"https:\/\/www.dugeleg.no\/en\/wp-json\/wp\/v2\/pages\/7384\/revisions\/7829"}],"wp:attachment":[{"href":"https:\/\/www.dugeleg.no\/en\/wp-json\/wp\/v2\/media?parent=7384"}],"curies":[{"name":"wp","href":"https:\/\/api.w.org\/{rel}","templated":true}]}}