{"id":7382,"date":"2024-04-02T14:58:06","date_gmt":"2024-04-02T12:58:06","guid":{"rendered":"https:\/\/www-dugeleg.wp1.hcweb.dev\/?page_id=7382"},"modified":"2024-10-30T11:36:59","modified_gmt":"2024-10-30T10:36:59","slug":"utleie","status":"publish","type":"page","link":"https:\/\/www.dugeleg.no\/en\/utleie\/","title":{"rendered":"Rental services"},"content":{"rendered":"<img decoding=\"async\" src=\"https:\/\/www.dugeleg.no\/wp-content\/uploads\/2024\/05\/Group-51.svg\" alt=\"Group 51\" \/>\n\t\t<h2>Our solutions ensure good usability both on land and at sea in the offshore industry.<\/h2>\n\t<meta itemscope itemprop=\"mainEntityOfPage\" itemtype=\"https:\/\/schema.org\/WebPage\" itemid=\"http:\/\/7740\" content=\"Heater 35kW\" \/><meta itemprop=\"datePublished\" content=\"2024-10-11\" \/><meta itemprop=\"dateModified\" content=\"2024-10-29\" \/><meta itemprop=\"name\" content=\"Dugeleg\"\/><meta itemprop=\"url\" content=\"https:\/\/www.dugeleg.no\/author\/administrator\/\" \/><meta itemprop=\"name\" content=\"administrator\" \/><meta itemprop=\"url\" content=\"https:\/\/www.dugeleg.no\/wp-content\/uploads\/2024\/10\/Heater-35kw-front.jpg\" \/><meta itemprop=\"width\" content=\"801\" \/><meta itemprop=\"height\" content=\"1200\" \/><meta itemprop=\"interactionType\" content=\"https:\/\/schema.org\/CommentAction\" \/><meta itemprop=\"userInteractionCount\" content=\"0\" \/>\n\t\t\t\t\t<a href=\"https:\/\/www.dugeleg.no\/en\/produkt\/heater-35kw\/\" title=\"Heater 35kW\"><\/a>\n\t\t\t\t<img decoding=\"async\" src=\"https:\/\/www.dugeleg.no\/wp-content\/uploads\/2024\/10\/Heater-35kw-front-684x1024.jpg\" alt=\"Heater-35kw\" itemprop=\"image\" data-no-lazy=\"1\" height=\"1024\" width=\"684\" title=\"Heater-35kw-front\" onerror=\"this.style.display='none'\"  \/>\n\t\t\t\t\t\t\t\t\t<h3 itemprop=\"headline\">\n\t\t\t\t\t\t\t\t\t\t\t\t\t\tHeater 35kW\t\t\t\t\t\t\t\t\t\t\t<\/h3>\n\t<meta itemscope itemprop=\"mainEntityOfPage\" itemtype=\"https:\/\/schema.org\/WebPage\" itemid=\"http:\/\/7738\" content=\"Trafo Unit\" \/><meta itemprop=\"datePublished\" content=\"2024-10-11\" \/><meta itemprop=\"dateModified\" content=\"2024-10-23\" \/><meta itemprop=\"name\" content=\"Dugeleg\"\/><meta itemprop=\"url\" content=\"https:\/\/www.dugeleg.no\/author\/administrator\/\" \/><meta itemprop=\"name\" content=\"administrator\" \/><meta itemprop=\"url\" content=\"https:\/\/www.dugeleg.no\/wp-content\/uploads\/2024\/10\/dugeleg-trafo-unit5.jpg\" \/><meta itemprop=\"width\" content=\"801\" \/><meta itemprop=\"height\" content=\"1200\" \/><meta itemprop=\"interactionType\" content=\"https:\/\/schema.org\/CommentAction\" \/><meta itemprop=\"userInteractionCount\" content=\"0\" \/>\n\t\t\t\t\t<a href=\"https:\/\/www.dugeleg.no\/en\/produkt\/trafo-unit\/\" title=\"Transformer Unit\"><\/a>\n\t\t\t\t<img decoding=\"async\" src=\"https:\/\/www.dugeleg.no\/wp-content\/uploads\/2024\/10\/dugeleg-trafo-unit5-684x1024.jpg\" alt=\"Trafo-unit\" itemprop=\"image\" data-no-lazy=\"1\" height=\"1024\" width=\"684\" title=\"Transformer unit\" onerror=\"this.style.display='none'\"  \/>\n\t\t\t\t\t\t\t\t\t<h3 itemprop=\"headline\">\n\t\t\t\t\t\t\t\t\t\t\t\t\t\tTransformer Unit\t\t\t\t\t\t\t\t\t\t\t<\/h3>\n\t<meta itemscope itemprop=\"mainEntityOfPage\" itemtype=\"https:\/\/schema.org\/WebPage\" itemid=\"http:\/\/7736\" content=\"Power Unit 63A- 2x32A\" \/><meta itemprop=\"datePublished\" content=\"2024-10-11\" \/><meta itemprop=\"dateModified\" content=\"2024-10-23\" \/><meta itemprop=\"name\" content=\"Dugeleg\"\/><meta itemprop=\"url\" content=\"https:\/\/www.dugeleg.no\/author\/administrator\/\" \/><meta itemprop=\"name\" content=\"administrator\" \/><meta itemprop=\"url\" content=\"https:\/\/www.dugeleg.no\/wp-content\/uploads\/2024\/10\/Power-unit-du.jpg\" \/><meta itemprop=\"width\" content=\"801\" \/><meta itemprop=\"height\" content=\"1200\" \/><meta itemprop=\"interactionType\" content=\"https:\/\/schema.org\/CommentAction\" \/><meta itemprop=\"userInteractionCount\" content=\"0\" \/>\n\t\t\t\t\t<a href=\"https:\/\/www.dugeleg.no\/en\/produkt\/power-unit-63a-2x32a\/\" title=\"Power Unit 63A- 2x32A\"><\/a>\n\t\t\t\t<img decoding=\"async\" src=\"https:\/\/www.dugeleg.no\/wp-content\/uploads\/2024\/10\/Power-unit-du-684x1024.jpg\" alt=\"Power-unit\" itemprop=\"image\" data-no-lazy=\"1\" height=\"1024\" width=\"684\" title=\"Power-unit-you\" onerror=\"this.style.display='none'\"  \/>\n\t\t\t\t\t\t\t\t\t<h3 itemprop=\"headline\">\n\t\t\t\t\t\t\t\t\t\t\t\t\t\tPower Unit 63A- 2x32A\t\t\t\t\t\t\t\t\t\t\t<\/h3>\n\t<meta itemscope itemprop=\"mainEntityOfPage\" itemtype=\"https:\/\/schema.org\/WebPage\" itemid=\"http:\/\/7734\" content=\"Power Unit 125Amp\" \/><meta itemprop=\"datePublished\" content=\"2024-10-11\" \/><meta itemprop=\"dateModified\" content=\"2024-10-28\" \/><meta itemprop=\"name\" content=\"Dugeleg\"\/><meta itemprop=\"url\" content=\"https:\/\/www.dugeleg.no\/author\/administrator\/\" \/><meta itemprop=\"name\" content=\"administrator\" \/><meta itemprop=\"url\" content=\"https:\/\/www.dugeleg.no\/wp-content\/uploads\/2024\/10\/Power-unit-front-.jpg\" \/><meta itemprop=\"width\" content=\"801\" \/><meta itemprop=\"height\" content=\"1200\" \/><meta itemprop=\"interactionType\" content=\"https:\/\/schema.org\/CommentAction\" \/><meta itemprop=\"userInteractionCount\" content=\"0\" \/>\n\t\t\t\t\t<a href=\"https:\/\/www.dugeleg.no\/en\/produkt\/du-100-0111\/\" title=\"Power Unit 125Amp\"><\/a>\n\t\t\t\t<img decoding=\"async\" src=\"https:\/\/www.dugeleg.no\/wp-content\/uploads\/2024\/10\/Power-unit-front--684x1024.jpg\" alt=\"Power-unit\" itemprop=\"image\" data-no-lazy=\"1\" height=\"1024\" width=\"684\" title=\"Power-unit-front-\" onerror=\"this.style.display='none'\"  \/>\n\t\t\t\t\t\t\t\t\t<h3 itemprop=\"headline\">\n\t\t\t\t\t\t\t\t\t\t\t\t\t\tPower Unit 125Amp\t\t\t\t\t\t\t\t\t\t\t<\/h3>\n\t<meta itemscope itemprop=\"mainEntityOfPage\" itemtype=\"https:\/\/schema.org\/WebPage\" itemid=\"http:\/\/7634\" content=\"Sniffer\" \/><meta itemprop=\"datePublished\" content=\"2024-05-13\" \/><meta itemprop=\"dateModified\" content=\"2024-10-29\" \/><meta itemprop=\"name\" content=\"Dugeleg\"\/><meta itemprop=\"url\" content=\"https:\/\/www.dugeleg.no\/author\/administrator\/\" \/><meta itemprop=\"name\" content=\"administrator\" \/><meta itemprop=\"url\" content=\"https:\/\/www.dugeleg.no\/wp-content\/uploads\/2024\/05\/dugeleg-Sniffer.jpg\" \/><meta itemprop=\"width\" content=\"801\" \/><meta itemprop=\"height\" content=\"1200\" \/><meta itemprop=\"interactionType\" content=\"https:\/\/schema.org\/CommentAction\" \/><meta itemprop=\"userInteractionCount\" content=\"0\" \/>\n\t\t\t\t\t<a href=\"https:\/\/www.dugeleg.no\/en\/produkt\/sniffer\/\" title=\"Sniffer\"><\/a>\n\t\t\t\t<img decoding=\"async\" src=\"https:\/\/www.dugeleg.no\/wp-content\/uploads\/2024\/05\/dugeleg-Sniffer-684x1024.jpg\" alt=\"Sniffer\" itemprop=\"image\" data-no-lazy=\"1\" height=\"1024\" width=\"684\" title=\"Sniffer\" onerror=\"this.style.display='none'\"  \/>\n\t\t\t\t\t\t\t\t\t<h3 itemprop=\"headline\">\n\t\t\t\t\t\t\t\t\t\t\t\t\t\tSniffer\t\t\t\t\t\t\t\t\t\t\t<\/h3>\n\t\t<!-- .pp-content-posts -->","protected":false},"excerpt":{"rendered":"<p>Our solutions ensure good usability both on land and at sea in the offshore industry. Heater 35kW Trafo Unit Power Unit 63A- 2x32A Power Unit 125Amp Sniffer<\/p>","protected":false},"author":1,"featured_media":0,"parent":0,"menu_order":0,"comment_status":"closed","ping_status":"closed","template":"","meta":{"_acf_changed":false,"footnotes":""},"class_list":["post-7382","page","type-page","status-publish","hentry"],"acf":[],"yoast_head":"<!-- This site is optimized with the Yoast SEO plugin v27.6 - https:\/\/yoast.com\/product\/yoast-seo-wordpress\/ -->\n<title>Utleie - Dugeleg<\/title>\n<meta name=\"robots\" content=\"index, follow, max-snippet:-1, max-image-preview:large, max-video-preview:-1\" \/>\n<link rel=\"canonical\" href=\"https:\/\/dugeleg.hcweb.dev\/utleie\/\" \/>\n<meta property=\"og:locale\" content=\"en_GB\" \/>\n<meta property=\"og:type\" content=\"article\" \/>\n<meta property=\"og:title\" content=\"Utleie - Dugeleg\" \/>\n<meta property=\"og:description\" content=\"V\u00e5re l\u00f8sninger sikrer god anvendelighet b\u00e5de p\u00e5 land og til sj\u00f8s i offshoreindustrien. Heater 35kW Trafo Unit Power Unit 63A- 2x32A Power Unit 125Amp Sniffer\" \/>\n<meta property=\"og:url\" content=\"https:\/\/dugeleg.hcweb.dev\/utleie\/\" \/>\n<meta property=\"og:site_name\" content=\"Dugeleg\" \/>\n<meta property=\"article:modified_time\" content=\"2024-10-30T10:36:59+00:00\" \/>\n<meta property=\"og:image\" content=\"https:\/\/dugeleg.hcweb.dev\/wp-content\/uploads\/2024\/05\/Group-51.svg\" \/>\n<meta name=\"twitter:card\" content=\"summary_large_image\" \/>\n<script type=\"application\/ld+json\" class=\"yoast-schema-graph\">{\"@context\":\"https:\\\/\\\/schema.org\",\"@graph\":[{\"@type\":\"WebPage\",\"@id\":\"https:\\\/\\\/dugeleg.hcweb.dev\\\/utleie\\\/\",\"url\":\"https:\\\/\\\/dugeleg.hcweb.dev\\\/utleie\\\/\",\"name\":\"Utleie - Dugeleg\",\"isPartOf\":{\"@id\":\"https:\\\/\\\/www.dugeleg.no\\\/#website\"},\"primaryImageOfPage\":{\"@id\":\"https:\\\/\\\/dugeleg.hcweb.dev\\\/utleie\\\/#primaryimage\"},\"image\":{\"@id\":\"https:\\\/\\\/dugeleg.hcweb.dev\\\/utleie\\\/#primaryimage\"},\"thumbnailUrl\":\"https:\\\/\\\/www.dugeleg.no\\\/wp-content\\\/uploads\\\/2024\\\/05\\\/Group-51.svg\",\"datePublished\":\"2024-04-02T12:58:06+00:00\",\"dateModified\":\"2024-10-30T10:36:59+00:00\",\"breadcrumb\":{\"@id\":\"https:\\\/\\\/dugeleg.hcweb.dev\\\/utleie\\\/#breadcrumb\"},\"inLanguage\":\"en-GB\",\"potentialAction\":[{\"@type\":\"ReadAction\",\"target\":[\"https:\\\/\\\/dugeleg.hcweb.dev\\\/utleie\\\/\"]}]},{\"@type\":\"ImageObject\",\"inLanguage\":\"en-GB\",\"@id\":\"https:\\\/\\\/dugeleg.hcweb.dev\\\/utleie\\\/#primaryimage\",\"url\":\"https:\\\/\\\/www.dugeleg.no\\\/wp-content\\\/uploads\\\/2024\\\/05\\\/Group-51.svg\",\"contentUrl\":\"https:\\\/\\\/www.dugeleg.no\\\/wp-content\\\/uploads\\\/2024\\\/05\\\/Group-51.svg\"},{\"@type\":\"BreadcrumbList\",\"@id\":\"https:\\\/\\\/dugeleg.hcweb.dev\\\/utleie\\\/#breadcrumb\",\"itemListElement\":[{\"@type\":\"ListItem\",\"position\":1,\"name\":\"Hjem\",\"item\":\"https:\\\/\\\/www.dugeleg.no\\\/\"},{\"@type\":\"ListItem\",\"position\":2,\"name\":\"Utleie\"}]},{\"@type\":\"WebSite\",\"@id\":\"https:\\\/\\\/www.dugeleg.no\\\/#website\",\"url\":\"https:\\\/\\\/www.dugeleg.no\\\/\",\"name\":\"Dugeleg\",\"description\":\"\",\"potentialAction\":[{\"@type\":\"SearchAction\",\"target\":{\"@type\":\"EntryPoint\",\"urlTemplate\":\"https:\\\/\\\/www.dugeleg.no\\\/?s={search_term_string}\"},\"query-input\":{\"@type\":\"PropertyValueSpecification\",\"valueRequired\":true,\"valueName\":\"search_term_string\"}}],\"inLanguage\":\"en-GB\"}]}<\/script>\n<!-- \/ Yoast SEO plugin. -->","yoast_head_json":{"title":"Rental - Dugeleg","robots":{"index":"index","follow":"follow","max-snippet":"max-snippet:-1","max-image-preview":"max-image-preview:large","max-video-preview":"max-video-preview:-1"},"canonical":"https:\/\/dugeleg.hcweb.dev\/utleie\/","og_locale":"en_GB","og_type":"article","og_title":"Utleie - Dugeleg","og_description":"V\u00e5re l\u00f8sninger sikrer god anvendelighet b\u00e5de p\u00e5 land og til sj\u00f8s i offshoreindustrien. Heater 35kW Trafo Unit Power Unit 63A- 2x32A Power Unit 125Amp Sniffer","og_url":"https:\/\/dugeleg.hcweb.dev\/utleie\/","og_site_name":"Dugeleg","article_modified_time":"2024-10-30T10:36:59+00:00","og_image":[{"url":"https:\/\/dugeleg.hcweb.dev\/wp-content\/uploads\/2024\/05\/Group-51.svg","type":"","width":"","height":""}],"twitter_card":"summary_large_image","schema":{"@context":"https:\/\/schema.org","@graph":[{"@type":"WebPage","@id":"https:\/\/dugeleg.hcweb.dev\/utleie\/","url":"https:\/\/dugeleg.hcweb.dev\/utleie\/","name":"Rental - Dugeleg","isPartOf":{"@id":"https:\/\/www.dugeleg.no\/#website"},"primaryImageOfPage":{"@id":"https:\/\/dugeleg.hcweb.dev\/utleie\/#primaryimage"},"image":{"@id":"https:\/\/dugeleg.hcweb.dev\/utleie\/#primaryimage"},"thumbnailUrl":"https:\/\/www.dugeleg.no\/wp-content\/uploads\/2024\/05\/Group-51.svg","datePublished":"2024-04-02T12:58:06+00:00","dateModified":"2024-10-30T10:36:59+00:00","breadcrumb":{"@id":"https:\/\/dugeleg.hcweb.dev\/utleie\/#breadcrumb"},"inLanguage":"en-GB","potentialAction":[{"@type":"ReadAction","target":["https:\/\/dugeleg.hcweb.dev\/utleie\/"]}]},{"@type":"ImageObject","inLanguage":"en-GB","@id":"https:\/\/dugeleg.hcweb.dev\/utleie\/#primaryimage","url":"https:\/\/www.dugeleg.no\/wp-content\/uploads\/2024\/05\/Group-51.svg","contentUrl":"https:\/\/www.dugeleg.no\/wp-content\/uploads\/2024\/05\/Group-51.svg"},{"@type":"BreadcrumbList","@id":"https:\/\/dugeleg.hcweb.dev\/utleie\/#breadcrumb","itemListElement":[{"@type":"ListItem","position":1,"name":"Hjem","item":"https:\/\/www.dugeleg.no\/"},{"@type":"ListItem","position":2,"name":"Utleie"}]},{"@type":"WebSite","@id":"https:\/\/www.dugeleg.no\/#website","url":"https:\/\/www.dugeleg.no\/","name":"Dugout","description":"","potentialAction":[{"@type":"SearchAction","target":{"@type":"EntryPoint","urlTemplate":"https:\/\/www.dugeleg.no\/?s={search_term_string}"},"query-input":{"@type":"PropertyValueSpecification","valueRequired":true,"valueName":"search_term_string"}}],"inLanguage":"en-GB"}]}},"_links":{"self":[{"href":"https:\/\/www.dugeleg.no\/en\/wp-json\/wp\/v2\/pages\/7382","targetHints":{"allow":["GET"]}}],"collection":[{"href":"https:\/\/www.dugeleg.no\/en\/wp-json\/wp\/v2\/pages"}],"about":[{"href":"https:\/\/www.dugeleg.no\/en\/wp-json\/wp\/v2\/types\/page"}],"author":[{"embeddable":true,"href":"https:\/\/www.dugeleg.no\/en\/wp-json\/wp\/v2\/users\/1"}],"replies":[{"embeddable":true,"href":"https:\/\/www.dugeleg.no\/en\/wp-json\/wp\/v2\/comments?post=7382"}],"version-history":[{"count":12,"href":"https:\/\/www.dugeleg.no\/en\/wp-json\/wp\/v2\/pages\/7382\/revisions"}],"predecessor-version":[{"id":7870,"href":"https:\/\/www.dugeleg.no\/en\/wp-json\/wp\/v2\/pages\/7382\/revisions\/7870"}],"wp:attachment":[{"href":"https:\/\/www.dugeleg.no\/en\/wp-json\/wp\/v2\/media?parent=7382"}],"curies":[{"name":"wp","href":"https:\/\/api.w.org\/{rel}","templated":true}]}}