{"id":7380,"date":"2024-04-02T14:57:52","date_gmt":"2024-04-02T12:57:52","guid":{"rendered":"https:\/\/www-dugeleg.wp1.hcweb.dev\/?page_id=7380"},"modified":"2024-11-20T12:06:59","modified_gmt":"2024-11-20T11:06:59","slug":"tjenester","status":"publish","type":"page","link":"https:\/\/www.dugeleg.no\/en\/tjenester\/","title":{"rendered":"Services"},"content":{"rendered":"<p>We have extensive experience in designing equipment that fulfils both today's and tomorrow's requirements.<\/p>\n\t<p>Electrical Zone 1 and multi-discipline equipment and product integrator<\/p>\n\t<p>Engineering services electrical, automation and software programming<\/p>\n\t<p>Project management<\/p>\n\n<h3>\n\t\tWe can help with\n\t<\/h3>\n\t<ul>\n<li>Early phase of project with possible shutdown solutions<\/li>\n<li>Produce documentation of the solution, e.g. connection diagrams, arrangement drawings, etc.<\/li>\n<li>Training of operators, follow-up\/revision of course compendiums\/procedures<\/li>\n<li>Shutdown solutions with the option of connecting to the CCR (analogue\/digital signal)<\/li>\n<li>Temporary gas detection when permanent gas detectors are switched off (SKR)<\/li>\n<li>Temporary gas detection for well operations, connects directly to ESD\/SKR<\/li>\n<li>Connection\/control of operations on critical equipment (additional barrier)<\/li>\n<li>24\/7 technical support in ongoing projects<\/li>\n<li>Electrical project support, technical\/sales<\/li>\n<li>Engineering services within electrical &amp; automation<\/li>\n<li>Support for the design of procedures against regulatory requirements<\/li>\n<li>Febdok calculation<\/li>\n<li>Drawing work, Schematic, GA, Termination Diagram ++<\/li>\n<li>NORSOK Z-015, Presafe, ATEX, third-party equipment, certifications<\/li>\n<li>Contribute to the further development\/efficiency of existing solutions<\/li>\n<li>Assistance in connection with obtaining quotes<\/li>\n<\/ul>\n\t\t\t\t<img decoding=\"async\" src=\"https:\/\/www.dugeleg.no\/wp-content\/uploads\/2024\/05\/Group-143.png\" alt=\"Group 143\" itemprop=\"image\" height=\"535\" width=\"426\" title=\"Group 143\" onerror=\"this.style.display='none'\"  \/>\n\t\t<h2>\n\t\t\tDo you have any questions?\n\t\t\t\t\t\t\t\t\t\t\tGet in touch\n\t\t<\/h2>\n\t\t\t<p>Working closely with the customer to ensure the highest possible quality, usability, functionality and the smallest possible environmental footprint is our highest priority.<\/p>\t\t\n\t\t\t<a href=\"https:\/\/www.dugeleg.no\/en\/kontakt\/\" target=\"_self\">\n\t\t\t\t\t\t\tContact us\n\t\t\t\t\t<\/a>","protected":false},"excerpt":{"rendered":"<p>We have extensive experience in designing equipment that fulfils both today's and tomorrow's requirements. Electrical Zone 1 and multi-discipline equipment and product integrator Engineering services electrical, automation and software programming Project management We can help with Early phase of project with possible shutdown solutions Produce documentation on solution, e.g. connection diagram, arrangement drawings etc. Training of operators, follow-up\/revision of course compendiums\/procedures Shutdown solutions...<\/p>","protected":false},"author":1,"featured_media":0,"parent":0,"menu_order":0,"comment_status":"closed","ping_status":"closed","template":"","meta":{"_acf_changed":false,"footnotes":""},"class_list":["post-7380","page","type-page","status-publish","hentry"],"acf":[],"yoast_head":"<!-- This site is optimized with the Yoast SEO plugin v27.2 - https:\/\/yoast.com\/product\/yoast-seo-wordpress\/ -->\n<title>Tjenester - Dugeleg<\/title>\n<meta name=\"robots\" content=\"index, follow, max-snippet:-1, max-image-preview:large, max-video-preview:-1\" \/>\n<link rel=\"canonical\" href=\"https:\/\/www.dugeleg.no\/en\/tjenester\/\" \/>\n<meta property=\"og:locale\" content=\"en_GB\" \/>\n<meta property=\"og:type\" content=\"article\" \/>\n<meta property=\"og:title\" content=\"Tjenester - Dugeleg\" \/>\n<meta property=\"og:description\" content=\"Vi har lang erfaring med \u00e5 designe utstyr som oppfyller b\u00e5de dagens- og morgendagens krav. Elektrisk Sone 1- og multidisiplinutstyr samt produktintegrator Ingeni\u00f8rtjenester elektro, automasjon og software programmering Prosjektledelse Vi kan bidra med Tidlig fase av prosjekt med mulige nedstengningsl\u00f8sninger Produsere dokumentasjon p\u00e5 l\u00f8sning, eksempelvis oppkoblingsdiagram, arrangementstegninger etc. Kursing av operat\u00f8rer, oppf\u00f8lging\/revidering av kurskompendier\/prosedyrer Nedstengningsl\u00f8sninger&hellip;\" \/>\n<meta property=\"og:url\" content=\"https:\/\/www.dugeleg.no\/en\/tjenester\/\" \/>\n<meta property=\"og:site_name\" content=\"Dugeleg\" \/>\n<meta property=\"article:modified_time\" content=\"2024-11-20T11:06:59+00:00\" \/>\n<meta property=\"og:image\" content=\"https:\/\/www.dugeleg.no\/wp-content\/uploads\/2024\/05\/Group-143.png\" \/>\n<meta name=\"twitter:card\" content=\"summary_large_image\" \/>\n<script type=\"application\/ld+json\" class=\"yoast-schema-graph\">{\"@context\":\"https:\/\/schema.org\",\"@graph\":[{\"@type\":\"WebPage\",\"@id\":\"https:\/\/www.dugeleg.no\/tjenester\/\",\"url\":\"https:\/\/www.dugeleg.no\/tjenester\/\",\"name\":\"Tjenester - Dugeleg\",\"isPartOf\":{\"@id\":\"https:\/\/www.dugeleg.no\/#website\"},\"primaryImageOfPage\":{\"@id\":\"https:\/\/www.dugeleg.no\/tjenester\/#primaryimage\"},\"image\":{\"@id\":\"https:\/\/www.dugeleg.no\/tjenester\/#primaryimage\"},\"thumbnailUrl\":\"https:\/\/www.dugeleg.no\/wp-content\/uploads\/2024\/05\/Group-143.png\",\"datePublished\":\"2024-04-02T12:57:52+00:00\",\"dateModified\":\"2024-11-20T11:06:59+00:00\",\"breadcrumb\":{\"@id\":\"https:\/\/www.dugeleg.no\/tjenester\/#breadcrumb\"},\"inLanguage\":\"en-GB\",\"potentialAction\":[{\"@type\":\"ReadAction\",\"target\":[\"https:\/\/www.dugeleg.no\/tjenester\/\"]}]},{\"@type\":\"ImageObject\",\"inLanguage\":\"en-GB\",\"@id\":\"https:\/\/www.dugeleg.no\/tjenester\/#primaryimage\",\"url\":\"https:\/\/www.dugeleg.no\/wp-content\/uploads\/2024\/05\/Group-143.png\",\"contentUrl\":\"https:\/\/www.dugeleg.no\/wp-content\/uploads\/2024\/05\/Group-143.png\"},{\"@type\":\"BreadcrumbList\",\"@id\":\"https:\/\/www.dugeleg.no\/tjenester\/#breadcrumb\",\"itemListElement\":[{\"@type\":\"ListItem\",\"position\":1,\"name\":\"Hjem\",\"item\":\"https:\/\/www.dugeleg.no\/\"},{\"@type\":\"ListItem\",\"position\":2,\"name\":\"Tjenester\"}]},{\"@type\":\"WebSite\",\"@id\":\"https:\/\/www.dugeleg.no\/#website\",\"url\":\"https:\/\/www.dugeleg.no\/\",\"name\":\"Dugeleg\",\"description\":\"\",\"potentialAction\":[{\"@type\":\"SearchAction\",\"target\":{\"@type\":\"EntryPoint\",\"urlTemplate\":\"https:\/\/www.dugeleg.no\/?s={search_term_string}\"},\"query-input\":{\"@type\":\"PropertyValueSpecification\",\"valueRequired\":true,\"valueName\":\"search_term_string\"}}],\"inLanguage\":\"en-GB\"}]}<\/script>\n<!-- \/ Yoast SEO plugin. -->","yoast_head_json":{"title":"Services - Dugeg","robots":{"index":"index","follow":"follow","max-snippet":"max-snippet:-1","max-image-preview":"max-image-preview:large","max-video-preview":"max-video-preview:-1"},"canonical":"https:\/\/www.dugeleg.no\/en\/tjenester\/","og_locale":"en_GB","og_type":"article","og_title":"Tjenester - Dugeleg","og_description":"Vi har lang erfaring med \u00e5 designe utstyr som oppfyller b\u00e5de dagens- og morgendagens krav. Elektrisk Sone 1- og multidisiplinutstyr samt produktintegrator Ingeni\u00f8rtjenester elektro, automasjon og software programmering Prosjektledelse Vi kan bidra med Tidlig fase av prosjekt med mulige nedstengningsl\u00f8sninger Produsere dokumentasjon p\u00e5 l\u00f8sning, eksempelvis oppkoblingsdiagram, arrangementstegninger etc. Kursing av operat\u00f8rer, oppf\u00f8lging\/revidering av kurskompendier\/prosedyrer Nedstengningsl\u00f8sninger&hellip;","og_url":"https:\/\/www.dugeleg.no\/en\/tjenester\/","og_site_name":"Dugeleg","article_modified_time":"2024-11-20T11:06:59+00:00","og_image":[{"url":"https:\/\/www.dugeleg.no\/wp-content\/uploads\/2024\/05\/Group-143.png","type":"","width":"","height":""}],"twitter_card":"summary_large_image","schema":{"@context":"https:\/\/schema.org","@graph":[{"@type":"WebPage","@id":"https:\/\/www.dugeleg.no\/tjenester\/","url":"https:\/\/www.dugeleg.no\/tjenester\/","name":"Services - Dugeg","isPartOf":{"@id":"https:\/\/www.dugeleg.no\/#website"},"primaryImageOfPage":{"@id":"https:\/\/www.dugeleg.no\/tjenester\/#primaryimage"},"image":{"@id":"https:\/\/www.dugeleg.no\/tjenester\/#primaryimage"},"thumbnailUrl":"https:\/\/www.dugeleg.no\/wp-content\/uploads\/2024\/05\/Group-143.png","datePublished":"2024-04-02T12:57:52+00:00","dateModified":"2024-11-20T11:06:59+00:00","breadcrumb":{"@id":"https:\/\/www.dugeleg.no\/tjenester\/#breadcrumb"},"inLanguage":"en-GB","potentialAction":[{"@type":"ReadAction","target":["https:\/\/www.dugeleg.no\/tjenester\/"]}]},{"@type":"ImageObject","inLanguage":"en-GB","@id":"https:\/\/www.dugeleg.no\/tjenester\/#primaryimage","url":"https:\/\/www.dugeleg.no\/wp-content\/uploads\/2024\/05\/Group-143.png","contentUrl":"https:\/\/www.dugeleg.no\/wp-content\/uploads\/2024\/05\/Group-143.png"},{"@type":"BreadcrumbList","@id":"https:\/\/www.dugeleg.no\/tjenester\/#breadcrumb","itemListElement":[{"@type":"ListItem","position":1,"name":"Hjem","item":"https:\/\/www.dugeleg.no\/"},{"@type":"ListItem","position":2,"name":"Tjenester"}]},{"@type":"WebSite","@id":"https:\/\/www.dugeleg.no\/#website","url":"https:\/\/www.dugeleg.no\/","name":"Dugout","description":"","potentialAction":[{"@type":"SearchAction","target":{"@type":"EntryPoint","urlTemplate":"https:\/\/www.dugeleg.no\/?s={search_term_string}"},"query-input":{"@type":"PropertyValueSpecification","valueRequired":true,"valueName":"search_term_string"}}],"inLanguage":"en-GB"}]}},"_links":{"self":[{"href":"https:\/\/www.dugeleg.no\/en\/wp-json\/wp\/v2\/pages\/7380","targetHints":{"allow":["GET"]}}],"collection":[{"href":"https:\/\/www.dugeleg.no\/en\/wp-json\/wp\/v2\/pages"}],"about":[{"href":"https:\/\/www.dugeleg.no\/en\/wp-json\/wp\/v2\/types\/page"}],"author":[{"embeddable":true,"href":"https:\/\/www.dugeleg.no\/en\/wp-json\/wp\/v2\/users\/1"}],"replies":[{"embeddable":true,"href":"https:\/\/www.dugeleg.no\/en\/wp-json\/wp\/v2\/comments?post=7380"}],"version-history":[{"count":23,"href":"https:\/\/www.dugeleg.no\/en\/wp-json\/wp\/v2\/pages\/7380\/revisions"}],"predecessor-version":[{"id":7969,"href":"https:\/\/www.dugeleg.no\/en\/wp-json\/wp\/v2\/pages\/7380\/revisions\/7969"}],"wp:attachment":[{"href":"https:\/\/www.dugeleg.no\/en\/wp-json\/wp\/v2\/media?parent=7380"}],"curies":[{"name":"wp","href":"https:\/\/api.w.org\/{rel}","templated":true}]}}