{"id":7357,"date":"2024-04-02T13:43:39","date_gmt":"2024-04-02T11:43:39","guid":{"rendered":"https:\/\/www-dugeleg.wp1.hcweb.dev\/?page_id=7357"},"modified":"2024-11-20T13:29:27","modified_gmt":"2024-11-20T12:29:27","slug":"elektriske-og-multidisiplinaere-losninger-til-offshoreindustrien","status":"publish","type":"page","link":"https:\/\/www.dugeleg.no\/en\/","title":{"rendered":"Electrical and multidisciplinary solutions for the offshore industry"},"content":{"rendered":"<h2>\n\t\tCustomers\n\t<\/h2>\n\t\t\t\t\t\t<img decoding=\"async\" src=\"https:\/\/www.dugeleg.no\/wp-content\/uploads\/2024\/04\/varenergi-logo-horizontal.svg\" alt=\"V\u00e5r Energi\" data-no-lazy=\"1\" \/>\t\t\t\t\t\n                            <p>Our Energy<\/p>\n\t\t\t\t\t\t<img decoding=\"async\" src=\"https:\/\/www.dugeleg.no\/wp-content\/uploads\/2024\/04\/Aker-solutions-logo-positive.svg\" alt=\"Aker Solutions\" data-no-lazy=\"1\" \/>\t\t\t\t\t\n                            <p>Aker Solutions<\/p>\n\t\t\t\t\t\t<img decoding=\"async\" src=\"https:\/\/www.dugeleg.no\/wp-content\/uploads\/2024\/11\/Beerenberg-LOGO.png\" alt=\"Beerenberg Services AS \" data-no-lazy=\"1\" \/>\t\t\t\t\t\n                            <p>Beerenberg Services AS <\/p>\n\t\t\t\t\t\t<img decoding=\"async\" src=\"https:\/\/www.dugeleg.no\/wp-content\/uploads\/2024\/05\/ConocoPhillips_Logo.svg.svg\" alt=\"ConocoPhilips\" data-no-lazy=\"1\" \/>\t\t\t\t\t\n                            <p>ConocoPhilips<\/p>\n\t\t\t\t\t\t<img decoding=\"async\" src=\"https:\/\/www.dugeleg.no\/wp-content\/uploads\/2024\/04\/Bilfinger_Logo_horizontal.svg\" alt=\"Bilfinger\" data-no-lazy=\"1\" \/>\t\t\t\t\t\n                            <p>Bilfinger<\/p>\n\t\t\t\t\t\t<img decoding=\"async\" src=\"https:\/\/www.dugeleg.no\/wp-content\/uploads\/2024\/05\/ikm-testing.svg\" alt=\"IKM Testing \" data-no-lazy=\"1\" \/>\t\t\t\t\t\n                            <p>IKM Testing <\/p>\n\t\t\t\t\t\t<img decoding=\"async\" src=\"https:\/\/www.dugeleg.no\/wp-content\/uploads\/2024\/05\/halliburton.png\" alt=\"Halliburton\" data-no-lazy=\"1\" \/>\t\t\t\t\t\n                            <p>Halliburton<\/p>\n\t\t\t<button>Next page<\/button>\n\t\t<button>Previous<\/button>\n<h2>\n\t\tCustomised solutions \n\t<\/h2>\n\t<p>Our services cover everything from automation and monitoring to fire and gas detection, and include equipment for hazardous areas.<\/p>\n<p>With extensive experience, our engineering team offers customised electrical, automation and software development solutions that meet current and future requirements.<\/p>\n\t\t\t<a href=\"https:\/\/www.dugeleg.no\/en\/tjenester\/\" target=\"_self\">\n\t\t\t\t\t\t\tServices\n\t\t\t\t\t<\/a>\n\t\t\t<a href=\"https:\/\/www.dugeleg.no\/en\/utleie\/\" target=\"_self\">\n\t\t\t\t\t\t\tRental services\n\t\t\t\t\t<\/a>\n\t\t\t\t<img decoding=\"async\" src=\"https:\/\/www.dugeleg.no\/wp-content\/uploads\/2024\/05\/Group-56.jpg\" alt=\"Group 56\" itemprop=\"image\" height=\"238\" width=\"238\" title=\"Group 56\" onerror=\"this.style.display='none'\"  \/>\n\t\t\t\t<img decoding=\"async\" src=\"https:\/\/www.dugeleg.no\/wp-content\/uploads\/2024\/10\/dugeleg-detail-.jpg\" alt=\"dugeleg-detail-\" itemprop=\"image\" height=\"749\" width=\"800\" title=\"disguise-detail-\" onerror=\"this.style.display='none'\"  \/>\n\t\t\t\t<img decoding=\"async\" src=\"https:\/\/www.dugeleg.no\/wp-content\/uploads\/2024\/10\/sniffer-fp-.png\" alt=\"sniffer-fp-\" itemprop=\"image\" height=\"749\" width=\"896\" title=\"sniffer-fp-\" onerror=\"this.style.display='none'\"  \/>\n<h2>\n\t\t\"Sniffer\" - Mobile Gas Control unit\n\t<\/h2>\n\t<ul>\n\t\t\t<li>\n\t\t\t\tThe Mobile Gas Detector (MGD) can monitor and control all electrical equipment involved in the work.\n\t\t\t<\/li>\n\t\t\t<li>\n\t\t\t\tMobile gas detector (MGD) can temporarily replace permanent\n\t\t\t<\/li>\n\t\t\t<li>\n\t\t\t\tSupplied with 5 gas detectors 10% LEL\n\t\t\t<\/li>\n\t\t<\/ul>\n\t<p><a href=\"https:\/\/www.dugeleg.no\/en\/produkt\/sniffer\/\">Read more<\/a><\/p>\n\t<p>Do you need advice and guidance?<\/p>\n\t<p>Get in touch and we'll find a solution<\/p>\n\t\t\t<a href=\"https:\/\/www.dugeleg.no\/en\/kontakt\/\" target=\"_self\">\n\t\t\t\t\t\t\tContact us\n\t\t\t\t\t<\/a>","protected":false},"excerpt":{"rendered":"<p>Customers Our Energy Aker Solutions Beerenberg Services AS ConocoPhilips Bilfinger IKM Testing Halliburton Next Previous Customised solutions Our services cover everything from automation and monitoring to fire and gas detection, and include equipment for hazardous areas. With extensive experience, our engineering team offers customised electrical, automation and software development solutions that meet current and future requirements. Services.<\/p>","protected":false},"author":1,"featured_media":7457,"parent":0,"menu_order":0,"comment_status":"closed","ping_status":"closed","template":"","meta":{"_acf_changed":false,"footnotes":""},"class_list":["post-7357","page","type-page","status-publish","has-post-thumbnail","hentry"],"acf":[],"yoast_head":"<!-- This site is optimized with the Yoast SEO plugin v27.2 - https:\/\/yoast.com\/product\/yoast-seo-wordpress\/ -->\n<title>Elektriske- og multidisiplin\u00e6re l\u00f8sninger til offshoreindustrien - Dugeleg<\/title>\n<meta name=\"description\" content=\"V\u00e5re tjenester dekker alt fra automasjon og overv\u00e5king til brann- og gassdeteksjon, og inkluderer utstyr for eksplosjonsfarlige omr\u00e5der.\" \/>\n<meta name=\"robots\" content=\"index, follow, max-snippet:-1, max-image-preview:large, max-video-preview:-1\" \/>\n<link rel=\"canonical\" href=\"https:\/\/www.dugeleg.no\/en\/\" \/>\n<meta property=\"og:locale\" content=\"en_GB\" \/>\n<meta property=\"og:type\" content=\"article\" \/>\n<meta property=\"og:title\" content=\"Elektriske- og multidisiplin\u00e6re l\u00f8sninger til offshoreindustrien - Dugeleg\" \/>\n<meta property=\"og:description\" content=\"V\u00e5re tjenester dekker alt fra automasjon og overv\u00e5king til brann- og gassdeteksjon, og inkluderer utstyr for eksplosjonsfarlige omr\u00e5der.\" \/>\n<meta property=\"og:url\" content=\"https:\/\/www.dugeleg.no\/en\/\" \/>\n<meta property=\"og:site_name\" content=\"Dugeleg\" \/>\n<meta property=\"article:modified_time\" content=\"2024-11-20T12:29:27+00:00\" \/>\n<meta property=\"og:image\" content=\"https:\/\/www.dugeleg.no\/wp-content\/uploads\/2024\/05\/produkt.png\" \/>\n\t<meta property=\"og:image:width\" content=\"1367\" \/>\n\t<meta property=\"og:image:height\" content=\"1204\" \/>\n\t<meta property=\"og:image:type\" content=\"image\/png\" \/>\n<meta name=\"twitter:card\" content=\"summary_large_image\" \/>\n<meta name=\"twitter:label1\" content=\"Estimated reading time\" \/>\n\t<meta name=\"twitter:data1\" content=\"3 minutes\" \/>\n<script type=\"application\/ld+json\" class=\"yoast-schema-graph\">{\"@context\":\"https:\/\/schema.org\",\"@graph\":[{\"@type\":\"WebPage\",\"@id\":\"https:\/\/www.dugeleg.no\/\",\"url\":\"https:\/\/www.dugeleg.no\/\",\"name\":\"Elektriske- og multidisiplin\u00e6re l\u00f8sninger til offshoreindustrien - Dugeleg\",\"isPartOf\":{\"@id\":\"https:\/\/www.dugeleg.no\/#website\"},\"primaryImageOfPage\":{\"@id\":\"https:\/\/www.dugeleg.no\/#primaryimage\"},\"image\":{\"@id\":\"https:\/\/www.dugeleg.no\/#primaryimage\"},\"thumbnailUrl\":\"https:\/\/www.dugeleg.no\/wp-content\/uploads\/2024\/05\/produkt.png\",\"datePublished\":\"2024-04-02T11:43:39+00:00\",\"dateModified\":\"2024-11-20T12:29:27+00:00\",\"description\":\"V\u00e5re tjenester dekker alt fra automasjon og overv\u00e5king til brann- og gassdeteksjon, og inkluderer utstyr for eksplosjonsfarlige omr\u00e5der.\",\"breadcrumb\":{\"@id\":\"https:\/\/www.dugeleg.no\/#breadcrumb\"},\"inLanguage\":\"en-GB\",\"potentialAction\":[{\"@type\":\"ReadAction\",\"target\":[\"https:\/\/www.dugeleg.no\/\"]}]},{\"@type\":\"ImageObject\",\"inLanguage\":\"en-GB\",\"@id\":\"https:\/\/www.dugeleg.no\/#primaryimage\",\"url\":\"https:\/\/www.dugeleg.no\/wp-content\/uploads\/2024\/05\/produkt.png\",\"contentUrl\":\"https:\/\/www.dugeleg.no\/wp-content\/uploads\/2024\/05\/produkt.png\",\"width\":1367,\"height\":1204,\"caption\":\"Sniffer\"},{\"@type\":\"BreadcrumbList\",\"@id\":\"https:\/\/www.dugeleg.no\/#breadcrumb\",\"itemListElement\":[{\"@type\":\"ListItem\",\"position\":1,\"name\":\"Hjem\",\"item\":\"https:\/\/www.dugeleg.no\/\"},{\"@type\":\"ListItem\",\"position\":2,\"name\":\"Elektriske- og multidisiplin\u00e6re l\u00f8sninger til offshoreindustrien\"}]},{\"@type\":\"WebSite\",\"@id\":\"https:\/\/www.dugeleg.no\/#website\",\"url\":\"https:\/\/www.dugeleg.no\/\",\"name\":\"Dugeleg\",\"description\":\"\",\"potentialAction\":[{\"@type\":\"SearchAction\",\"target\":{\"@type\":\"EntryPoint\",\"urlTemplate\":\"https:\/\/www.dugeleg.no\/?s={search_term_string}\"},\"query-input\":{\"@type\":\"PropertyValueSpecification\",\"valueRequired\":true,\"valueName\":\"search_term_string\"}}],\"inLanguage\":\"en-GB\"}]}<\/script>\n<!-- \/ Yoast SEO plugin. -->","yoast_head_json":{"title":"Electrical and multidisciplinary solutions for the offshore industry - Dugeleg","description":"Our services cover everything from automation and monitoring to fire and gas detection, and include equipment for hazardous areas.","robots":{"index":"index","follow":"follow","max-snippet":"max-snippet:-1","max-image-preview":"max-image-preview:large","max-video-preview":"max-video-preview:-1"},"canonical":"https:\/\/www.dugeleg.no\/en\/","og_locale":"en_GB","og_type":"article","og_title":"Elektriske- og multidisiplin\u00e6re l\u00f8sninger til offshoreindustrien - Dugeleg","og_description":"V\u00e5re tjenester dekker alt fra automasjon og overv\u00e5king til brann- og gassdeteksjon, og inkluderer utstyr for eksplosjonsfarlige omr\u00e5der.","og_url":"https:\/\/www.dugeleg.no\/en\/","og_site_name":"Dugeleg","article_modified_time":"2024-11-20T12:29:27+00:00","og_image":[{"width":1367,"height":1204,"url":"https:\/\/www.dugeleg.no\/wp-content\/uploads\/2024\/05\/produkt.png","type":"image\/png"}],"twitter_card":"summary_large_image","twitter_misc":{"Estimated reading time":"3 minutes"},"schema":{"@context":"https:\/\/schema.org","@graph":[{"@type":"WebPage","@id":"https:\/\/www.dugeleg.no\/","url":"https:\/\/www.dugeleg.no\/","name":"Electrical and multidisciplinary solutions for the offshore industry - Dugeleg","isPartOf":{"@id":"https:\/\/www.dugeleg.no\/#website"},"primaryImageOfPage":{"@id":"https:\/\/www.dugeleg.no\/#primaryimage"},"image":{"@id":"https:\/\/www.dugeleg.no\/#primaryimage"},"thumbnailUrl":"https:\/\/www.dugeleg.no\/wp-content\/uploads\/2024\/05\/produkt.png","datePublished":"2024-04-02T11:43:39+00:00","dateModified":"2024-11-20T12:29:27+00:00","description":"Our services cover everything from automation and monitoring to fire and gas detection, and include equipment for hazardous areas.","breadcrumb":{"@id":"https:\/\/www.dugeleg.no\/#breadcrumb"},"inLanguage":"en-GB","potentialAction":[{"@type":"ReadAction","target":["https:\/\/www.dugeleg.no\/"]}]},{"@type":"ImageObject","inLanguage":"en-GB","@id":"https:\/\/www.dugeleg.no\/#primaryimage","url":"https:\/\/www.dugeleg.no\/wp-content\/uploads\/2024\/05\/produkt.png","contentUrl":"https:\/\/www.dugeleg.no\/wp-content\/uploads\/2024\/05\/produkt.png","width":1367,"height":1204,"caption":"Sniffer"},{"@type":"BreadcrumbList","@id":"https:\/\/www.dugeleg.no\/#breadcrumb","itemListElement":[{"@type":"ListItem","position":1,"name":"Hjem","item":"https:\/\/www.dugeleg.no\/"},{"@type":"ListItem","position":2,"name":"Elektriske- og multidisiplin\u00e6re l\u00f8sninger til offshoreindustrien"}]},{"@type":"WebSite","@id":"https:\/\/www.dugeleg.no\/#website","url":"https:\/\/www.dugeleg.no\/","name":"Dugout","description":"","potentialAction":[{"@type":"SearchAction","target":{"@type":"EntryPoint","urlTemplate":"https:\/\/www.dugeleg.no\/?s={search_term_string}"},"query-input":{"@type":"PropertyValueSpecification","valueRequired":true,"valueName":"search_term_string"}}],"inLanguage":"en-GB"}]}},"_links":{"self":[{"href":"https:\/\/www.dugeleg.no\/en\/wp-json\/wp\/v2\/pages\/7357","targetHints":{"allow":["GET"]}}],"collection":[{"href":"https:\/\/www.dugeleg.no\/en\/wp-json\/wp\/v2\/pages"}],"about":[{"href":"https:\/\/www.dugeleg.no\/en\/wp-json\/wp\/v2\/types\/page"}],"author":[{"embeddable":true,"href":"https:\/\/www.dugeleg.no\/en\/wp-json\/wp\/v2\/users\/1"}],"replies":[{"embeddable":true,"href":"https:\/\/www.dugeleg.no\/en\/wp-json\/wp\/v2\/comments?post=7357"}],"version-history":[{"count":99,"href":"https:\/\/www.dugeleg.no\/en\/wp-json\/wp\/v2\/pages\/7357\/revisions"}],"predecessor-version":[{"id":7976,"href":"https:\/\/www.dugeleg.no\/en\/wp-json\/wp\/v2\/pages\/7357\/revisions\/7976"}],"wp:featuredmedia":[{"embeddable":true,"href":"https:\/\/www.dugeleg.no\/en\/wp-json\/wp\/v2\/media\/7457"}],"wp:attachment":[{"href":"https:\/\/www.dugeleg.no\/en\/wp-json\/wp\/v2\/media?parent=7357"}],"curies":[{"name":"wp","href":"https:\/\/api.w.org\/{rel}","templated":true}]}}