{"id":3,"date":"2024-04-02T13:35:13","date_gmt":"2024-04-02T11:35:13","guid":{"rendered":"https:\/\/www-dugeleg.wp1.hcweb.dev\/?page_id=3"},"modified":"2025-08-05T13:05:14","modified_gmt":"2025-08-05T11:05:14","slug":"personvernerklaering","status":"publish","type":"page","link":"https:\/\/www.dugeleg.no\/en\/personvernerklaering\/","title":{"rendered":"Privacy policy"},"content":{"rendered":"<h1  data-animation-delay=\"0\" data-animation-duration=\"1\">\n\t\t\t\t<\/h1>\n\t<p>Forusbeen 210, 4313 Sandnes<\/p>\n<a href=\"tel:92833643\">+47 928 33 643<\/a><br \/>\n<a href=\"mailto:post@dugeleg.no\">post@dugeleg.no<\/a>\n<p><strong>Org.no: <\/strong>924494247<\/p>\n<p><strong>Information we collect<\/strong><\/p>\n<p>When you visit the website, our web provider may collect information that is necessary to deliver a stable service.<\/p>\n<p>You can read more about this in\u00a0<a href=\"https:\/\/www.hjelseth.com\/personvern\/\">privacy policy of Hjelseth Computers<\/a>. Information cookies (cookies)<\/p>\n<p><strong>How we use cookies<\/strong><\/p>\nWe use cookies to provide you with better services. Some cookies are absolutely necessary for the functionality of the websites, while others are used to improve performance and user experience. Functional cookies are used to:<br \/>\n- remember your login details<br \/>\n- Ensure security when you are logged in<br \/>\n- Ensure that websites look consistent Performance cookies are used to:<br \/>\n- Improve website performance by making pages load faster<br \/>\n- improve the user experience Targeted cookies are used to:<br \/>\n- let you share and like content<br \/>\n- send information to other websites to personalise their advertising\n<p><strong>Examples of use<\/strong><\/p>\nCookies are used to provide you with better services, for example by:<br \/>\n- activate a service that recognises your device so you don't have to enter the same information multiple times<br \/>\n- remember that you've already entered your username and password when you're logged in to the pages, so you don't have to do it again for each page<br \/>\n- measure how many people use our services, so we can make them easier and faster<br \/>\n- analyse data to help us understand how you use online services so that we can improve them If you do not allow us to use cookies, certain features and the websites will not function properly.<br \/>\nIf you want to delete cookies that are already stored on your computer, follow the instructions for your browser by clicking Help in the menu.\n<p>You can read more about cookies and how to use them at\u00a0<a href=\"http:\/\/www.aboutcookies.org\/\">www.aboutcookies.org<\/a>\u00a0or by clicking on Help in your browser.<\/p>\n<p><strong>Statistics<\/strong><\/p>\n<p>We use Google Analytics to measure the number of visitors, which pages are most popular, how long the visits last and other related information.<\/p>\n<p>This information is anonymised as far as possible via Google Analytics' tools, and it is only used to give an overall impression, we do not identify individuals through statistics collection.<\/p>\n<p>Read more in\u00a0<a href=\"https:\/\/policies.google.com\/privacy\">the privacy policy of Google<\/a>. Third-party tools<\/p>\n<p><strong>Texts<\/strong><\/p>\n<p>The website uses text types made available via\u00a0<a href=\"https:\/\/fonts.google.com\/\">Google Fonts<\/a>. To the best of our knowledge, no information about the website visitor is collected when such text types are loaded.<\/p>\n<p><strong>Third party content<\/strong><\/p>\n<p>We sometimes include video clips, images or content from other third-party websites. Such content treats the visitor as if they were on the included content's own website and it may therefore occur that cookies are stored or statistics are collected by these third parties.<\/p>\n<h2>General information<\/h2>\n<h3>Contact form<\/h3>\nOn our website, you can also contact us via a contact form, in which case we will ask for the name and contact details of a contact person.<br \/>\nPersonal data we receive in connection with enquiries will not be used for any purpose other than to contact you.","protected":false},"excerpt":{"rendered":"<p>Forusbeen 210, 4313 Sandnes +47 928 33 643 post@dugeleg.no Org.no: 924494247 Information we collect When you visit the website, our web provider may collect information that is necessary to deliver a stable service. You can read more about this in Hjelseth Computers' privacy policy. Cookies How we use cookies We use cookies in order to provide you with...<\/p>","protected":false},"author":1,"featured_media":0,"parent":0,"menu_order":0,"comment_status":"closed","ping_status":"open","template":"","meta":{"_acf_changed":false,"footnotes":""},"class_list":["post-3","page","type-page","status-publish","hentry"],"acf":[],"yoast_head":"<!-- This site is optimized with the Yoast SEO plugin v27.6 - https:\/\/yoast.com\/product\/yoast-seo-wordpress\/ -->\n<title>Personvernerkl\u00e6ring - Dugeleg<\/title>\n<meta name=\"robots\" content=\"index, follow, max-snippet:-1, max-image-preview:large, max-video-preview:-1\" \/>\n<link rel=\"canonical\" href=\"https:\/\/www.dugeleg.no\/en\/personvernerklaering\/\" \/>\n<meta property=\"og:locale\" content=\"en_GB\" \/>\n<meta property=\"og:type\" content=\"article\" \/>\n<meta property=\"og:title\" content=\"Personvernerkl\u00e6ring - Dugeleg\" \/>\n<meta property=\"og:description\" content=\"Forusbeen 210, 4313 Sandnes +47 928 33 643 post@dugeleg.no Org.no: 924494247 Informasjon vi innhenter Ved bes\u00f8k p\u00e5 nettsiden vil v\u00e5r nettleverand\u00f8r kunne innhente informasjon som er n\u00f8dvendig for \u00e5 levere en stabil tjeneste. Det kan leses mer om dette i\u00a0personvernerkl\u00e6ringen til Hjelseth Computers. Informasjonskapsler (cookies) Hvordan vi bruker cookies Vi bruker cookies for \u00e5 gi&hellip;\" \/>\n<meta property=\"og:url\" content=\"https:\/\/www.dugeleg.no\/en\/personvernerklaering\/\" \/>\n<meta property=\"og:site_name\" content=\"Dugeleg\" \/>\n<meta property=\"article:modified_time\" content=\"2025-08-05T11:05:14+00:00\" \/>\n<meta name=\"twitter:card\" content=\"summary_large_image\" \/>\n<meta name=\"twitter:label1\" content=\"Estimated reading time\" \/>\n\t<meta name=\"twitter:data1\" content=\"2 minutes\" \/>\n<script type=\"application\/ld+json\" class=\"yoast-schema-graph\">{\"@context\":\"https:\\\/\\\/schema.org\",\"@graph\":[{\"@type\":\"WebPage\",\"@id\":\"https:\\\/\\\/www.dugeleg.no\\\/personvernerklaering\\\/\",\"url\":\"https:\\\/\\\/www.dugeleg.no\\\/personvernerklaering\\\/\",\"name\":\"Personvernerkl\u00e6ring - Dugeleg\",\"isPartOf\":{\"@id\":\"https:\\\/\\\/www.dugeleg.no\\\/#website\"},\"datePublished\":\"2024-04-02T11:35:13+00:00\",\"dateModified\":\"2025-08-05T11:05:14+00:00\",\"breadcrumb\":{\"@id\":\"https:\\\/\\\/www.dugeleg.no\\\/personvernerklaering\\\/#breadcrumb\"},\"inLanguage\":\"en-GB\",\"potentialAction\":[{\"@type\":\"ReadAction\",\"target\":[\"https:\\\/\\\/www.dugeleg.no\\\/personvernerklaering\\\/\"]}]},{\"@type\":\"BreadcrumbList\",\"@id\":\"https:\\\/\\\/www.dugeleg.no\\\/personvernerklaering\\\/#breadcrumb\",\"itemListElement\":[{\"@type\":\"ListItem\",\"position\":1,\"name\":\"Hjem\",\"item\":\"https:\\\/\\\/www.dugeleg.no\\\/\"},{\"@type\":\"ListItem\",\"position\":2,\"name\":\"Personvernerkl\u00e6ring\"}]},{\"@type\":\"WebSite\",\"@id\":\"https:\\\/\\\/www.dugeleg.no\\\/#website\",\"url\":\"https:\\\/\\\/www.dugeleg.no\\\/\",\"name\":\"Dugeleg\",\"description\":\"\",\"potentialAction\":[{\"@type\":\"SearchAction\",\"target\":{\"@type\":\"EntryPoint\",\"urlTemplate\":\"https:\\\/\\\/www.dugeleg.no\\\/?s={search_term_string}\"},\"query-input\":{\"@type\":\"PropertyValueSpecification\",\"valueRequired\":true,\"valueName\":\"search_term_string\"}}],\"inLanguage\":\"en-GB\"}]}<\/script>\n<!-- \/ Yoast SEO plugin. -->","yoast_head_json":{"title":"Privacy policy - Dugeleg","robots":{"index":"index","follow":"follow","max-snippet":"max-snippet:-1","max-image-preview":"max-image-preview:large","max-video-preview":"max-video-preview:-1"},"canonical":"https:\/\/www.dugeleg.no\/en\/personvernerklaering\/","og_locale":"en_GB","og_type":"article","og_title":"Personvernerkl\u00e6ring - Dugeleg","og_description":"Forusbeen 210, 4313 Sandnes +47 928 33 643 post@dugeleg.no Org.no: 924494247 Informasjon vi innhenter Ved bes\u00f8k p\u00e5 nettsiden vil v\u00e5r nettleverand\u00f8r kunne innhente informasjon som er n\u00f8dvendig for \u00e5 levere en stabil tjeneste. Det kan leses mer om dette i\u00a0personvernerkl\u00e6ringen til Hjelseth Computers. Informasjonskapsler (cookies) Hvordan vi bruker cookies Vi bruker cookies for \u00e5 gi&hellip;","og_url":"https:\/\/www.dugeleg.no\/en\/personvernerklaering\/","og_site_name":"Dugeleg","article_modified_time":"2025-08-05T11:05:14+00:00","twitter_card":"summary_large_image","twitter_misc":{"Estimated reading time":"2 minutes"},"schema":{"@context":"https:\/\/schema.org","@graph":[{"@type":"WebPage","@id":"https:\/\/www.dugeleg.no\/personvernerklaering\/","url":"https:\/\/www.dugeleg.no\/personvernerklaering\/","name":"Privacy policy - Dugeleg","isPartOf":{"@id":"https:\/\/www.dugeleg.no\/#website"},"datePublished":"2024-04-02T11:35:13+00:00","dateModified":"2025-08-05T11:05:14+00:00","breadcrumb":{"@id":"https:\/\/www.dugeleg.no\/personvernerklaering\/#breadcrumb"},"inLanguage":"en-GB","potentialAction":[{"@type":"ReadAction","target":["https:\/\/www.dugeleg.no\/personvernerklaering\/"]}]},{"@type":"BreadcrumbList","@id":"https:\/\/www.dugeleg.no\/personvernerklaering\/#breadcrumb","itemListElement":[{"@type":"ListItem","position":1,"name":"Hjem","item":"https:\/\/www.dugeleg.no\/"},{"@type":"ListItem","position":2,"name":"Personvernerkl\u00e6ring"}]},{"@type":"WebSite","@id":"https:\/\/www.dugeleg.no\/#website","url":"https:\/\/www.dugeleg.no\/","name":"Dugout","description":"","potentialAction":[{"@type":"SearchAction","target":{"@type":"EntryPoint","urlTemplate":"https:\/\/www.dugeleg.no\/?s={search_term_string}"},"query-input":{"@type":"PropertyValueSpecification","valueRequired":true,"valueName":"search_term_string"}}],"inLanguage":"en-GB"}]}},"_links":{"self":[{"href":"https:\/\/www.dugeleg.no\/en\/wp-json\/wp\/v2\/pages\/3","targetHints":{"allow":["GET"]}}],"collection":[{"href":"https:\/\/www.dugeleg.no\/en\/wp-json\/wp\/v2\/pages"}],"about":[{"href":"https:\/\/www.dugeleg.no\/en\/wp-json\/wp\/v2\/types\/page"}],"author":[{"embeddable":true,"href":"https:\/\/www.dugeleg.no\/en\/wp-json\/wp\/v2\/users\/1"}],"replies":[{"embeddable":true,"href":"https:\/\/www.dugeleg.no\/en\/wp-json\/wp\/v2\/comments?post=3"}],"version-history":[{"count":3,"href":"https:\/\/www.dugeleg.no\/en\/wp-json\/wp\/v2\/pages\/3\/revisions"}],"predecessor-version":[{"id":7992,"href":"https:\/\/www.dugeleg.no\/en\/wp-json\/wp\/v2\/pages\/3\/revisions\/7992"}],"wp:attachment":[{"href":"https:\/\/www.dugeleg.no\/en\/wp-json\/wp\/v2\/media?parent=3"}],"curies":[{"name":"wp","href":"https:\/\/api.w.org\/{rel}","templated":true}]}}